{"id":6156,"date":"2025-06-18T13:47:20","date_gmt":"2025-06-18T11:47:20","guid":{"rendered":"https:\/\/guitartroop.com\/?post_type=product&#038;p=6156"},"modified":"2025-06-18T13:52:41","modified_gmt":"2025-06-18T11:52:41","slug":"container","status":"publish","type":"product","link":"https:\/\/guitartroop.com\/es\/store\/container\/","title":{"rendered":"M\u00e9todo del Container &#8211; Diagramas"},"content":{"rendered":"<p>Consigue los diagramas que complementan la lecci\u00f3n gratuita del M\u00e9todo del Container:<\/p>\n<p><img data-recalc-dims=\"1\" loading=\"lazy\" decoding=\"async\" src=\"https:\/\/i0.wp.com\/guitartroop.com\/wp-content\/uploads\/2025\/06\/Modos-maypores-container.jpg?resize=750%2C683&#038;ssl=1\" alt=\"\" width=\"750\" height=\"683\" class=\"alignnone wp-image-6159 size-large\" srcset=\"https:\/\/i0.wp.com\/guitartroop.com\/wp-content\/uploads\/2025\/06\/Modos-maypores-container.jpg?resize=1024%2C932&amp;ssl=1 1024w, https:\/\/i0.wp.com\/guitartroop.com\/wp-content\/uploads\/2025\/06\/Modos-maypores-container.jpg?resize=300%2C273&amp;ssl=1 300w, https:\/\/i0.wp.com\/guitartroop.com\/wp-content\/uploads\/2025\/06\/Modos-maypores-container.jpg?resize=768%2C699&amp;ssl=1 768w, https:\/\/i0.wp.com\/guitartroop.com\/wp-content\/uploads\/2025\/06\/Modos-maypores-container.jpg?resize=13%2C12&amp;ssl=1 13w, https:\/\/i0.wp.com\/guitartroop.com\/wp-content\/uploads\/2025\/06\/Modos-maypores-container.jpg?resize=230%2C209&amp;ssl=1 230w, https:\/\/i0.wp.com\/guitartroop.com\/wp-content\/uploads\/2025\/06\/Modos-maypores-container.jpg?resize=600%2C546&amp;ssl=1 600w, https:\/\/i0.wp.com\/guitartroop.com\/wp-content\/uploads\/2025\/06\/Modos-maypores-container.jpg?w=1253&amp;ssl=1 1253w\" sizes=\"auto, (max-width: 750px) 100vw, 750px\" \/><\/p>\n<p>8 diagramas en formato PDF imprimibles para que puedas tener a primera vista toda la informaci\u00f3n de la Master Class del M\u00e9todo del Container:<\/p>\n<p><iframe loading=\"lazy\" title=\"M\u00e9todo del Container - Infalible para ubicar INTERVALOS, PENTAS y MODOS - por @MiguelAngelGuitar\" width=\"750\" height=\"422\" src=\"https:\/\/www.youtube.com\/embed\/Ygg47WKqzzw?feature=oembed\" frameborder=\"0\" allow=\"accelerometer; autoplay; clipboard-write; encrypted-media; gyroscope; picture-in-picture; web-share\" referrerpolicy=\"strict-origin-when-cross-origin\" allowfullscreen><\/iframe><\/p>\n<p>En todas las combinaciones que nos encontramos en el diapas\u00f3n.<\/p>\n<p>En esta lecci\u00f3n gratuita, Miguel \u00c1ngel Torres os muestra un m\u00e9todo infalible (que no definitivo, no hag\u00e1is caso de esos m\u00e9todos, no hay fin en la m\u00fasica&#8230;) que ha bautizado como el M\u00e9todo del Container. Con \u00e9l, mediante una figura muy simple y repetitiva que encontramos en algo sencillo como es el patr\u00f3n 1 de pentat\u00f3nica, vamos a poder ubicarnos muy bien en el diapas\u00f3n, pudiendo entender y memorizar todos los intervalos, relacion\u00e1ndolos adem\u00e1s con todos los patrones de pentat\u00f3nicas mayores y mayores, y con los modos.<\/p>\n<p>0:00 Introducci\u00f3n<br \/>\n01:26 Nivel 1 &#8211; Conocer y ubicar f\u00e1cilmente y con l\u00f3gica los intervalos de la pentat\u00f3nica mayor y menor<br \/>\n08:45 Nivel 2 &#8211; Entender los modos. ubicar sus intervalos, y conocer su sonido en todas las posiciones:<\/p>\n<ul>\n<li>Modos mayores: J\u00f3nico, Lidio y Mixolidio<\/li>\n<li>Modos menores: E\u00f3lico, D\u00f3rico y Frigio<\/li>\n<\/ul>\n<ul><\/ul>\n<p>Todo esto con una forma muy simple y f\u00e1cilmente recordable , la de un container, de ah\u00ed su nombre!<\/p>\n<p>Disfr\u00fatalo!<\/p>","protected":false},"excerpt":{"rendered":"<p><span>M\u00e9todo del Container &#8211; Infalible para ubicar INTERVALOS, PENTAS y MODOS<\/span><\/p>","protected":false},"featured_media":6158,"template":"","meta":{"_uag_custom_page_level_css":"","jetpack_post_was_ever_published":false},"product_brand":[],"product_cat":[165,164,178,77],"product_tag":[99,103,106],"class_list":{"0":"post-6156","1":"product","2":"type-product","3":"status-publish","4":"has-post-thumbnail","6":"product_cat-beginner","7":"product_cat-intermediate","8":"product_cat-masterclasses","9":"product_cat-miguel-angel-torres","10":"product_tag-alternate-picking","11":"product_tag-hammer-on","12":"product_tag-pull-off","13":"product_shipping_class-freeshipping","15":"first","16":"instock","17":"downloadable","18":"sold-individually","19":"taxable","20":"shipping-taxable","21":"purchasable","22":"product-type-simple"},"uagb_featured_image_src":{"full":["https:\/\/i0.wp.com\/guitartroop.com\/wp-content\/uploads\/2025\/06\/Cartilla-producto-container.jpg?fit=1688%2C2281&ssl=1",1688,2281,false],"thumbnail":["https:\/\/i0.wp.com\/guitartroop.com\/wp-content\/uploads\/2025\/06\/Cartilla-producto-container.jpg?resize=150%2C150&ssl=1",150,150,true],"medium":["https:\/\/i0.wp.com\/guitartroop.com\/wp-content\/uploads\/2025\/06\/Cartilla-producto-container.jpg?fit=222%2C300&ssl=1",222,300,true],"medium_large":["https:\/\/i0.wp.com\/guitartroop.com\/wp-content\/uploads\/2025\/06\/Cartilla-producto-container.jpg?fit=750%2C1014&ssl=1",750,1014,true],"large":["https:\/\/i0.wp.com\/guitartroop.com\/wp-content\/uploads\/2025\/06\/Cartilla-producto-container.jpg?fit=750%2C1013&ssl=1",750,1013,true],"1536x1536":["https:\/\/i0.wp.com\/guitartroop.com\/wp-content\/uploads\/2025\/06\/Cartilla-producto-container.jpg?fit=1137%2C1536&ssl=1",1137,1536,true],"2048x2048":["https:\/\/i0.wp.com\/guitartroop.com\/wp-content\/uploads\/2025\/06\/Cartilla-producto-container.jpg?fit=1516%2C2048&ssl=1",1516,2048,true],"trp-custom-language-flag":["https:\/\/i0.wp.com\/guitartroop.com\/wp-content\/uploads\/2025\/06\/Cartilla-producto-container.jpg?fit=9%2C12&ssl=1",9,12,true],"hestia-blog":["https:\/\/i0.wp.com\/guitartroop.com\/wp-content\/uploads\/2025\/06\/Cartilla-producto-container.jpg?resize=360%2C240&ssl=1",360,240,true],"woocommerce_thumbnail":["https:\/\/i0.wp.com\/guitartroop.com\/wp-content\/uploads\/2025\/06\/Cartilla-producto-container.jpg?fit=230%2C311&ssl=1",230,311,true],"woocommerce_single":["https:\/\/i0.wp.com\/guitartroop.com\/wp-content\/uploads\/2025\/06\/Cartilla-producto-container.jpg?fit=600%2C811&ssl=1",600,811,true],"woocommerce_gallery_thumbnail":["https:\/\/i0.wp.com\/guitartroop.com\/wp-content\/uploads\/2025\/06\/Cartilla-producto-container.jpg?resize=160%2C160&ssl=1",160,160,true]},"uagb_author_info":{"display_name":"guitartroop","author_link":"https:\/\/guitartroop.com\/es\/participant\/An\u00f3nimo\/"},"uagb_comment_info":0,"uagb_excerpt":"M\u00e9todo del Container - Infalible para ubicar INTERVALOS, PENTAS y MODOS","jetpack_sharing_enabled":true,"_links":{"self":[{"href":"https:\/\/guitartroop.com\/es\/wp-json\/wp\/v2\/product\/6156","targetHints":{"allow":["GET"]}}],"collection":[{"href":"https:\/\/guitartroop.com\/es\/wp-json\/wp\/v2\/product"}],"about":[{"href":"https:\/\/guitartroop.com\/es\/wp-json\/wp\/v2\/types\/product"}],"wp:featuredmedia":[{"embeddable":true,"href":"https:\/\/guitartroop.com\/es\/wp-json\/wp\/v2\/media\/6158"}],"wp:attachment":[{"href":"https:\/\/guitartroop.com\/es\/wp-json\/wp\/v2\/media?parent=6156"}],"wp:term":[{"taxonomy":"product_brand","embeddable":true,"href":"https:\/\/guitartroop.com\/es\/wp-json\/wp\/v2\/product_brand?post=6156"},{"taxonomy":"product_cat","embeddable":true,"href":"https:\/\/guitartroop.com\/es\/wp-json\/wp\/v2\/product_cat?post=6156"},{"taxonomy":"product_tag","embeddable":true,"href":"https:\/\/guitartroop.com\/es\/wp-json\/wp\/v2\/product_tag?post=6156"}],"curies":[{"name":"wp","href":"https:\/\/api.w.org\/{rel}","templated":true}]}}