{"id":2927,"date":"2024-08-26T09:24:26","date_gmt":"2024-08-26T07:24:26","guid":{"rendered":"https:\/\/guitartroop.com\/?page_id=2927"},"modified":"2025-05-31T12:38:43","modified_gmt":"2025-05-31T10:38:43","slug":"artists","status":"publish","type":"page","link":"https:\/\/guitartroop.com\/es\/artists\/","title":{"rendered":"Artistas"},"content":{"rendered":"<div class=\"wp-block-uagb-container uagb-block-ifelqbpg alignfull uagb-is-root-container\"><div class=\"uagb-container-inner-blocks-wrap\">\n<div class=\"wp-block-columns is-layout-flex wp-container-core-columns-is-layout-28f84493 wp-block-columns-is-layout-flex\">\n<div class=\"wp-block-column is-layout-flow wp-block-column-is-layout-flow\" style=\"flex-basis:100%\">\n<div class=\"wp-block-uagb-info-box uagb-block-m80n0nrw uagb-infobox__content-wrap  uagb-infobox-icon-above-title uagb-infobox-image-valign-top\"><div class=\"uagb-ifb-content\"><div class=\"uagb-ifb-title-wrap\"><h1 class=\"uagb-ifb-title\">Artistas<\/h1><\/div><\/div><\/div>\n\n\n\n<div class=\"wp-block-uagb-info-box uagb-block-d8cb2460 uagb-infobox__content-wrap  uagb-infobox-icon-above-title uagb-infobox-image-valign-top\"><div class=\"uagb-ifb-content\"><div class=\"uagb-ifb-title-wrap\"><h1 class=\"uagb-ifb-title\">Tocando para t\u00ed!<\/h1><\/div><\/div><\/div>\n<\/div>\n<\/div>\n<\/div><\/div>\n\n\n\n<div class=\"wp-block-uagb-container uagb-block-tcvbh1ih alignfull uagb-is-root-container\"><div class=\"uagb-container-inner-blocks-wrap\">\n<div class=\"wp-block-uagb-container uagb-layout-grid uagb-block-jw3nd61c\">\n<div class=\"wp-block-uagb-container uagb-block-enfhiuof\">\n<div class=\"wp-block-uagb-image aligncenter uagb-block-u4ib6j3z wp-block-uagb-image--layout-default wp-block-uagb-image--effect-static wp-block-uagb-image--align-center\"><figure class=\"wp-block-uagb-image__figure\"><a class=\"\" href=\"https:\/\/guitartroop.com\/es\/artists\/miguelangeltorres\/\" target=\"\" rel=\"noopener\"><img data-recalc-dims=\"1\" decoding=\"async\" srcset=\"https:\/\/guitartroop.com\/wp-content\/uploads\/2024\/09\/GUM5043-1024x683.jpg ,https:\/\/guitartroop.com\/wp-content\/uploads\/2024\/09\/GUM5043-e1730881523510.jpg 780w, https:\/\/guitartroop.com\/wp-content\/uploads\/2024\/09\/GUM5043-e1730881523510.jpg 360w\" sizes=\"auto, (max-width: 480px) 150px\" src=\"https:\/\/i0.wp.com\/guitartroop.com\/wp-content\/uploads\/2024\/09\/GUM5043.jpg?resize=300%2C300&#038;ssl=1\" alt=\"\" class=\"uag-image-3116\" width=\"300\" height=\"300\" title=\"_GUM5043\" loading=\"lazy\" role=\"img\"\/><\/a><\/figure><\/div>\n\n\n\n<div class=\"wp-block-uagb-info-box uagb-block-l40fnpnk uagb-infobox__content-wrap  uagb-infobox-icon-above-title uagb-infobox-image-valign-top\"><div class=\"uagb-ifb-content\"><div class=\"uagb-ifb-title-wrap\"><p class=\"uagb-ifb-title\">Miguel \u00c1ngel Torres<\/p><\/div><\/div><\/div>\n<\/div>\n\n\n\n<div class=\"wp-block-uagb-container uagb-block-tffndjbj\">\n<div class=\"wp-block-uagb-image aligncenter uagb-block-x0ygmmnb wp-block-uagb-image--layout-default wp-block-uagb-image--effect-static wp-block-uagb-image--align-center\"><figure class=\"wp-block-uagb-image__figure\"><a class=\"\" href=\"https:\/\/guitartroop.com\/es\/artists\/alejandroabellan\/\" target=\"\" rel=\"noopener\"><img data-recalc-dims=\"1\" decoding=\"async\" srcset=\"https:\/\/guitartroop.com\/wp-content\/uploads\/2024\/11\/Bio-Abellan-300x300.jpg ,https:\/\/guitartroop.com\/wp-content\/uploads\/2024\/11\/Bio-Abellan.jpg 780w, https:\/\/guitartroop.com\/wp-content\/uploads\/2024\/11\/Bio-Abellan.jpg 360w\" sizes=\"auto, (max-width: 480px) 150px\" src=\"https:\/\/i0.wp.com\/guitartroop.com\/wp-content\/uploads\/2024\/11\/Bio-Abellan.jpg?resize=300%2C300&#038;ssl=1\" alt=\"\" class=\"uag-image-5241\" width=\"300\" height=\"300\" title=\"Bio Abell\u00e1n\" loading=\"lazy\" role=\"img\"\/><\/a><\/figure><\/div>\n\n\n\n<div class=\"wp-block-uagb-info-box uagb-block-tyq7wsyb uagb-infobox__content-wrap  uagb-infobox-icon-above-title uagb-infobox-image-valign-top\"><div class=\"uagb-ifb-content\"><div class=\"uagb-ifb-title-wrap\"><p class=\"uagb-ifb-title\">Alejandro Abell\u00e1n<\/p><\/div><\/div><\/div>\n<\/div>\n\n\n\n<div class=\"wp-block-uagb-container uagb-block-kymqii5p\">\n<div class=\"wp-block-uagb-image aligncenter uagb-block-aclgvvas wp-block-uagb-image--layout-default wp-block-uagb-image--effect-static wp-block-uagb-image--align-center\"><figure class=\"wp-block-uagb-image__figure\"><a class=\"\" href=\"https:\/\/guitartroop.com\/es\/artists\/xabiersalvador\/\" target=\"\" rel=\"noopener\"><img data-recalc-dims=\"1\" decoding=\"async\" srcset=\"https:\/\/guitartroop.com\/wp-content\/uploads\/2024\/11\/Bio-Xabier-300x300.jpg ,https:\/\/guitartroop.com\/wp-content\/uploads\/2024\/11\/Bio-Xabier.jpg 780w, https:\/\/guitartroop.com\/wp-content\/uploads\/2024\/11\/Bio-Xabier.jpg 360w\" sizes=\"auto, (max-width: 480px) 150px\" src=\"https:\/\/i0.wp.com\/guitartroop.com\/wp-content\/uploads\/2024\/11\/Bio-Xabier.jpg?resize=300%2C300&#038;ssl=1\" alt=\"\" class=\"uag-image-5247\" width=\"300\" height=\"300\" title=\"Bio Xabier\" loading=\"lazy\" role=\"img\"\/><\/a><\/figure><\/div>\n\n\n\n<div class=\"wp-block-uagb-info-box uagb-block-sj985ic4 uagb-infobox__content-wrap  uagb-infobox-icon-above-title uagb-infobox-image-valign-top\"><div class=\"uagb-ifb-content\"><div class=\"uagb-ifb-title-wrap\"><p class=\"uagb-ifb-title\">Xabier Salvador<\/p><\/div><\/div><\/div>\n<\/div>\n\n\n\n<div class=\"wp-block-uagb-container uagb-block-z1qlxdvn\">\n<div class=\"wp-block-uagb-image aligncenter uagb-block-0kxer4al wp-block-uagb-image--layout-default wp-block-uagb-image--effect-static wp-block-uagb-image--align-center\"><figure class=\"wp-block-uagb-image__figure\"><a class=\"\" href=\"https:\/\/guitartroop.com\/es\/artists\/abelfranco\/\" target=\"\" rel=\"noopener\"><img data-recalc-dims=\"1\" decoding=\"async\" srcset=\"https:\/\/guitartroop.com\/wp-content\/uploads\/2025\/02\/Captura-de-pantalla-2023-03-30-a-las-16.22.48-2-1024x571.png ,https:\/\/guitartroop.com\/wp-content\/uploads\/2025\/02\/Captura-de-pantalla-2023-03-30-a-las-16.22.48-2.png 780w, https:\/\/guitartroop.com\/wp-content\/uploads\/2025\/02\/Captura-de-pantalla-2023-03-30-a-las-16.22.48-2.png 360w\" sizes=\"auto, (max-width: 480px) 150px\" src=\"https:\/\/i0.wp.com\/guitartroop.com\/wp-content\/uploads\/2025\/02\/Captura-de-pantalla-2023-03-30-a-las-16.22.48-2.png?resize=300%2C300&#038;ssl=1\" alt=\"\" class=\"uag-image-5569\" width=\"300\" height=\"300\" title=\"Captura de pantalla 2023-03-30 a las 16.22.48\" loading=\"lazy\" role=\"img\"\/><\/a><\/figure><\/div>\n\n\n\n<div class=\"wp-block-uagb-info-box uagb-block-kuileyyg uagb-infobox__content-wrap  uagb-infobox-icon-above-title uagb-infobox-image-valign-top\"><div class=\"uagb-ifb-content\"><div class=\"uagb-ifb-title-wrap\"><p class=\"uagb-ifb-title\">Abel Franco<\/p><\/div><\/div><\/div>\n<\/div>\n\n\n\n<div class=\"wp-block-uagb-container uagb-block-q3qo8zq1\">\n<div class=\"wp-block-uagb-image aligncenter uagb-block-qiufxujs wp-block-uagb-image--layout-default wp-block-uagb-image--effect-static wp-block-uagb-image--align-center\"><figure class=\"wp-block-uagb-image__figure\"><a class=\"\" href=\"https:\/\/guitartroop.com\/es\/artists\/juanurbano\/\" target=\"\" rel=\"noopener\"><img data-recalc-dims=\"1\" decoding=\"async\" srcset=\"https:\/\/guitartroop.com\/wp-content\/uploads\/2025\/05\/IMG_20240421_001404-250x300.jpg ,https:\/\/guitartroop.com\/wp-content\/uploads\/2025\/05\/IMG_20240421_001404.jpg 780w, https:\/\/guitartroop.com\/wp-content\/uploads\/2025\/05\/IMG_20240421_001404.jpg 360w\" sizes=\"auto, (max-width: 480px) 150px\" src=\"https:\/\/i0.wp.com\/guitartroop.com\/wp-content\/uploads\/2025\/05\/IMG_20240421_001404.jpg?resize=300%2C300&#038;ssl=1\" alt=\"\" class=\"uag-image-6073\" width=\"300\" height=\"300\" title=\"IMG_20240421_001404\" loading=\"lazy\" role=\"img\"\/><\/a><\/figure><\/div>\n\n\n\n<div class=\"wp-block-uagb-info-box uagb-block-6psdsq6h uagb-infobox__content-wrap  uagb-infobox-icon-above-title uagb-infobox-image-valign-top\"><div class=\"uagb-ifb-content\"><div class=\"uagb-ifb-title-wrap\"><p class=\"uagb-ifb-title\">Juan Urbano<\/p><\/div><\/div><\/div>\n<\/div>\n\n\n\n<div class=\"wp-block-uagb-container uagb-block-x60us2df\">\n<div class=\"wp-block-uagb-image aligncenter uagb-block-i2gq3ovm wp-block-uagb-image--layout-default wp-block-uagb-image--effect-static wp-block-uagb-image--align-center\"><figure class=\"wp-block-uagb-image__figure\"><a class=\"\" href=\"https:\/\/guitartroop.com\/es\/artists\/marcosnieto\/\" target=\"\" rel=\"noopener\"><img data-recalc-dims=\"1\" decoding=\"async\" srcset=\"https:\/\/guitartroop.com\/wp-content\/uploads\/2025\/05\/Marcos-Nieto-Bio-scaled-e1748687892536-811x1024.jpg ,https:\/\/guitartroop.com\/wp-content\/uploads\/2025\/05\/Marcos-Nieto-Bio-scaled-e1748687892536.jpg 780w, https:\/\/guitartroop.com\/wp-content\/uploads\/2025\/05\/Marcos-Nieto-Bio-scaled-e1748687892536.jpg 360w\" sizes=\"auto, (max-width: 480px) 150px\" src=\"https:\/\/i0.wp.com\/guitartroop.com\/wp-content\/uploads\/2025\/05\/Marcos-Nieto-Bio-scaled-e1748687892536-811x1024.jpg?resize=300%2C300&#038;ssl=1\" alt=\"\" class=\"uag-image-6106\" width=\"300\" height=\"300\" title=\"Marcos Nieto Bio\" loading=\"lazy\" role=\"img\"\/><\/a><\/figure><\/div>\n\n\n\n<div class=\"wp-block-uagb-info-box uagb-block-wjmxsqt8 uagb-infobox__content-wrap  uagb-infobox-icon-above-title uagb-infobox-image-valign-top\"><div class=\"uagb-ifb-content\"><div class=\"uagb-ifb-title-wrap\"><p class=\"uagb-ifb-title\">Marcos Nieto<\/p><\/div><\/div><\/div>\n<\/div>\n\n\n\n<div class=\"wp-block-uagb-container uagb-block-alfhxots\">\n<div class=\"wp-block-uagb-image aligncenter uagb-block-msavvrwp wp-block-uagb-image--layout-default wp-block-uagb-image--effect-static wp-block-uagb-image--align-center\"><figure class=\"wp-block-uagb-image__figure\"><img data-recalc-dims=\"1\" decoding=\"async\" srcset=\"https:\/\/guitartroop.com\/wp-content\/uploads\/2025\/04\/channels4_profile.jpg ,https:\/\/guitartroop.com\/wp-content\/uploads\/2025\/04\/channels4_profile.jpg 780w, https:\/\/guitartroop.com\/wp-content\/uploads\/2025\/04\/channels4_profile.jpg 360w\" sizes=\"auto, (max-width: 480px) 150px\" src=\"https:\/\/i0.wp.com\/guitartroop.com\/wp-content\/uploads\/2025\/04\/channels4_profile.jpg?resize=300%2C300&#038;ssl=1\" alt=\"\" class=\"uag-image-6022\" width=\"300\" height=\"300\" title=\"channels4_profile\" loading=\"lazy\" role=\"img\"\/><\/figure><\/div>\n\n\n\n<div class=\"wp-block-uagb-info-box uagb-block-y1ufy5f0 uagb-infobox__content-wrap  uagb-infobox-icon-above-title uagb-infobox-image-valign-top\"><div class=\"uagb-ifb-content\"><div class=\"uagb-ifb-title-wrap\"><p class=\"uagb-ifb-title\">Gaby Soul\u00e9<\/p><\/div><\/div><\/div>\n<\/div>\n\n\n\n<div class=\"wp-block-uagb-container uagb-block-2muvnq47\">\n<div class=\"wp-block-uagb-image aligncenter uagb-block-pq3gzz8k wp-block-uagb-image--layout-default wp-block-uagb-image--effect-static wp-block-uagb-image--align-center\"><figure class=\"wp-block-uagb-image__figure\"><img data-recalc-dims=\"1\" decoding=\"async\" srcset=\"https:\/\/guitartroop.com\/wp-content\/uploads\/2024\/11\/Bio-Jose-Rubio-300x300.jpg ,https:\/\/guitartroop.com\/wp-content\/uploads\/2024\/11\/Bio-Jose-Rubio.jpg 780w, https:\/\/guitartroop.com\/wp-content\/uploads\/2024\/11\/Bio-Jose-Rubio.jpg 360w\" sizes=\"auto, (max-width: 480px) 150px\" src=\"https:\/\/i0.wp.com\/guitartroop.com\/wp-content\/uploads\/2024\/11\/Bio-Jose-Rubio.jpg?resize=300%2C300&#038;ssl=1\" alt=\"\" class=\"uag-image-5251\" width=\"300\" height=\"300\" title=\"Bio Jose Rubio\" loading=\"lazy\" role=\"img\"\/><\/figure><\/div>\n\n\n\n<div class=\"wp-block-uagb-info-box uagb-block-ucwi8zvt uagb-infobox__content-wrap  uagb-infobox-icon-above-title uagb-infobox-image-valign-top\"><div class=\"uagb-ifb-content\"><div class=\"uagb-ifb-title-wrap\"><p class=\"uagb-ifb-title\">Jos\u00e9 Rubio<\/p><\/div><\/div><\/div>\n<\/div>\n<\/div>\n<\/div><\/div>\n\n\n\n<div class=\"wp-block-uagb-container uagb-block-qakfw1ed alignfull uagb-is-root-container\"><div class=\"uagb-container-inner-blocks-wrap\">\n<div class=\"wp-block-uagb-container uagb-block-gcfrk5te\">\n<div class=\"wp-block-uagb-info-box uagb-block-kd7ud4h7 uagb-infobox__content-wrap  uagb-infobox-icon-above-title uagb-infobox-image-valign-top\"><div class=\"uagb-ifb-content\"><div class=\"uagb-ifb-title-wrap\"><h2 class=\"uagb-ifb-title\">Nuestra Historia<\/h2><\/div><\/div><\/div>\n\n\n\n<div class=\"wp-block-uagb-info-box uagb-block-pxwwjzs5 uagb-infobox__content-wrap  uagb-infobox-icon-above-title uagb-infobox-image-valign-top wp-block-uagb-info-box--has-margin\"><div class=\"uagb-infobox-margin-wrapper\"><div class=\"uagb-ifb-content\"><div class=\"uagb-ifb-title-wrap\"><\/div><p class=\"uagb-ifb-desc\">Guitar Troop ha sido creado para reunir en un mismo lugar el mejor contenido de formaci\u00f3n en la guitarra, presentando tanto a guitarristas conocidos como a figuras emergentes con ideas frescas, los mejores licks y las clases magistrales m\u00e1s productivas<\/p><\/div><\/div><\/div>\n<\/div>\n<\/div><\/div>\n\n\n\n<div class=\"wp-block-uagb-container uagb-block-dfinkjxp alignfull uagb-is-root-container\"><div class=\"uagb-container-inner-blocks-wrap\">\n<div class=\"wp-block-uagb-info-box uagb-block-7p8gggjl uagb-infobox__content-wrap  uagb-infobox-icon-above-title uagb-infobox-image-valign-top\"><div class=\"uagb-ifb-content\"><div class=\"uagb-ifb-title-wrap\"><h2 class=\"uagb-ifb-title\">Convi\u00e9rtete en Artista para <br>Guitar Troop<\/h2><\/div><\/div><\/div>\n\n\n\n<div class=\"wp-block-uagb-container uagb-block-aaowfyl7\">\n<div class=\"wp-block-uagb-info-box uagb-block-9ismmiqq uagb-infobox__content-wrap  uagb-infobox-icon-above-title uagb-infobox-image-valign-top wp-block-uagb-info-box--has-margin\"><div class=\"uagb-infobox-margin-wrapper\"><div class=\"uagb-ifb-content\"><div class=\"uagb-ifb-title-wrap\"><\/div><p class=\"uagb-ifb-desc\">Si piensas que tienes buen material de guitarra, te gustar\u00eda compartirlo con todo el mundo, y que mereces ser parte del equipo de GTR, entonces tienes que hacer lo siguiente: Crea un pack incluyendo una pista de acompa\u00f1amiento de elaboraci\u00f3n propia, un solo sobre parte de esa pista y un v\u00eddeo en vivo tocando el solo. Puedes a\u00f1adir cualquier otro v\u00eddeo de YouTube o de otras webs que creas que son interesantes para tu propuesta.<\/p><div class=\"uagb-ifb-separator\"><\/div><\/div><\/div><\/div>\n\n\n\n<div class=\"wp-block-uagb-buttons uagb-buttons__outer-wrap uagb-btn__large-btn uagb-btn-tablet__default-btn uagb-btn-mobile__default-btn uagb-block-27zjn087\"><div class=\"uagb-buttons__wrap uagb-buttons-layout-wrap\">\n<div data-aos= \"flip-up\" data-aos-duration=\"400\" data-aos-delay=\"0\" data-aos-easing=\"ease\" data-aos-once=\"true\" class=\"wp-block-uagb-buttons-child uagb-buttons__outer-wrap uagb-block-6scrqxsj wp-block-button\"><div class=\"uagb-button__wrapper\"><a class=\"uagb-buttons-repeater wp-block-button__link\" aria-label=\"\" href=\"https:\/\/guitartroop.com\/es\/contact\/\" rel=\"follow noopener\" target=\"_self\" role=\"button\"><div class=\"uagb-button__link\">Cont\u00e1ctanos aqu\u00ed<\/div><span class=\"uagb-button__icon uagb-button__icon-position-after\"><svg xmlns=\"https:\/\/www.w3.org\/2000\/svg\" viewbox=\"0 0 384 512\" aria-hidden=\"true\" focussable=\"false\"><path d=\"M240.5 224H352C365.3 224 377.3 232.3 381.1 244.7C386.6 257.2 383.1 271.3 373.1 280.1L117.1 504.1C105.8 513.9 89.27 514.7 77.19 505.9C65.1 497.1 60.7 481.1 66.59 467.4L143.5 288H31.1C18.67 288 6.733 279.7 2.044 267.3C-2.645 254.8 .8944 240.7 10.93 231.9L266.9 7.918C278.2-1.92 294.7-2.669 306.8 6.114C318.9 14.9 323.3 30.87 317.4 44.61L240.5 224z\"><\/path><\/svg><\/span><\/a><\/div><\/div>\n<\/div><\/div>\n<\/div>\n<\/div><\/div>","protected":false},"excerpt":{"rendered":"","protected":false},"author":1,"featured_media":0,"parent":0,"menu_order":0,"comment_status":"closed","ping_status":"closed","template":"page-templates\/template-pagebuilder-full-width.php","meta":{"_uag_custom_page_level_css":"","jetpack_post_was_ever_published":false,"footnotes":""},"class_list":["post-2927","page","type-page","status-publish","hentry"],"uagb_featured_image_src":{"full":false,"thumbnail":false,"medium":false,"medium_large":false,"large":false,"1536x1536":false,"2048x2048":false,"trp-custom-language-flag":false,"hestia-blog":false,"woocommerce_thumbnail":false,"woocommerce_single":false,"woocommerce_gallery_thumbnail":false},"uagb_author_info":{"display_name":"guitartroop","author_link":"https:\/\/guitartroop.com\/es\/participant\/guitartroop-com\/"},"uagb_comment_info":0,"uagb_excerpt":null,"jetpack_sharing_enabled":true,"_links":{"self":[{"href":"https:\/\/guitartroop.com\/es\/wp-json\/wp\/v2\/pages\/2927","targetHints":{"allow":["GET"]}}],"collection":[{"href":"https:\/\/guitartroop.com\/es\/wp-json\/wp\/v2\/pages"}],"about":[{"href":"https:\/\/guitartroop.com\/es\/wp-json\/wp\/v2\/types\/page"}],"author":[{"embeddable":true,"href":"https:\/\/guitartroop.com\/es\/wp-json\/wp\/v2\/users\/1"}],"replies":[{"embeddable":true,"href":"https:\/\/guitartroop.com\/es\/wp-json\/wp\/v2\/comments?post=2927"}],"version-history":[{"count":76,"href":"https:\/\/guitartroop.com\/es\/wp-json\/wp\/v2\/pages\/2927\/revisions"}],"predecessor-version":[{"id":6151,"href":"https:\/\/guitartroop.com\/es\/wp-json\/wp\/v2\/pages\/2927\/revisions\/6151"}],"wp:attachment":[{"href":"https:\/\/guitartroop.com\/es\/wp-json\/wp\/v2\/media?parent=2927"}],"curies":[{"name":"wp","href":"https:\/\/api.w.org\/{rel}","templated":true}]}}